{"id":596,"date":"2023-10-05T09:30:12","date_gmt":"2023-10-05T07:30:12","guid":{"rendered":"https:\/\/bitcoinandtheaustrians.com\/home-page\/"},"modified":"2025-03-06T11:11:38","modified_gmt":"2025-03-06T09:11:38","slug":"home-page","status":"publish","type":"page","link":"https:\/\/bitcoinandtheaustrians.com\/en\/","title":{"rendered":"Home page"},"content":{"rendered":"\n\n\t<p>\u201eGeld ist keine Erfindung des Staates, sondern ein Produkt des Marktes.&#8221;<\/p>\n\t<p>&#8211; Carl Menger, 1871<\/p>\n\t<p>\u201eIch habe an einem System gearbeitet, das nicht von einer zentralen Autorit\u00e4t abh\u00e4ngt.&#8221;<\/p>\n\t<p>&#8211; Satoshi Nakamoto, 2009<\/p>\n<h1>\n\t\tWillkommen bei Bitcoin and the Austrians!\n\t<\/h1>\n\tIst es nicht erstaunlich? <strong>\u00d6sterreich<\/strong>, die <strong>Heimat gro\u00dfer Denker<\/strong> wie Carl Menger und Ludwig von Mises, hat die <strong>\u00d6sterreichische Schule der \u00d6konomie<\/strong> hervorgebracht &#8211; ein Erbe, auf das wir stolz sein k\u00f6nnen. Doch in unseren Schulen bleibt sie oft unerw\u00e4hnt. Mit Bitcoin wollen wir das \u00e4ndern und diese Ideen wieder ins Leben rufen &#8211; <strong>freie M\u00e4rkte, gesundes Geld, frei von Zentralbankmanipulationen<\/strong>.<br \/>\n<strong>Bitcoin<\/strong> ist der Schl\u00fcssel dazu: dezentral und stark, ein Werkzeug, um die Wirtschaft neu zu denken. Wir laden dich ein, mit uns zu entdecken, warum diese Ideen f\u00fcr \u00d6sterreich und die Welt heute so wertvoll sind. Gemeinsam k\u00f6nnen wir etwas Bedeutendes schaffen.\n\t\tAlle Beitr\u00e4ge\n\t<ul>\n\t\t<li data-filter=\"*\" tabindex=\"0\" aria-label=\"Alle Beitr\u00e4ge\">Alle Beitr\u00e4ge<\/li><li data-filter=\".category-oesterreich-vs-keynes\" data-term=\"oesterreich-vs-keynes\" data-item-count=\"1\" tabindex=\"0\" aria-label=\"\u00d6sterreich vs. Keynes\">\u00d6sterreich vs. Keynes<\/li>\t<\/ul>\n\t<meta itemscope itemprop=\"mainEntityOfPage\" itemtype=\"https:\/\/schema.org\/WebPage\" itemid=\"http:\/\/363\" content=\"Warum die \u00f6sterreichische \u00d6konomielehre gegen\u00fcber Keynesianismus das Nachsehen hatte - und wie Bitcoin sie wiederbeleben kann\" \/><meta itemprop=\"datePublished\" content=\"2025-03-01\" \/><meta itemprop=\"dateModified\" content=\"2025-03-04\" \/><meta itemprop=\"name\" content=\"Bitcoin and the Austrians\"\/><meta itemprop=\"url\" content=\"https:\/\/bitcoinandtheaustrians.com\/wp-content\/uploads\/2025\/03\/cropped-bitcoin-and-the-austrians-favicon.png\"\/><meta itemprop=\"url\" content=\"https:\/\/bitcoinandtheaustrians.com\/blog\/author\/toms\/\" \/><meta itemprop=\"name\" content=\"TomS\" \/><meta itemprop=\"url\" content=\"https:\/\/bitcoinandtheaustrians.com\/wp-content\/uploads\/2025\/03\/menger-vs-keynes.jpg\" \/><meta itemprop=\"width\" content=\"1920\" \/><meta itemprop=\"height\" content=\"1076\" \/><meta itemprop=\"interactionType\" content=\"https:\/\/schema.org\/CommentAction\" \/><meta itemprop=\"userInteractionCount\" content=\"0\" \/>\n\t\t\t\t\t<a href=\"https:\/\/bitcoinandtheaustrians.com\/en\/blog\/why-austrian-economics-lost-out-to-keynesianism-and-how-bitcoin-can-revive-it\/\" title=\"Warum die \u00f6sterreichische \u00d6konomielehre gegen\u00fcber Keynesianismus das Nachsehen hatte - und wie Bitcoin sie wiederbeleben kann\"><\/a>\n\t\t\t\t<img loading=\"lazy\" decoding=\"async\" src=\"https:\/\/bitcoinandtheaustrians.com\/wp-content\/uploads\/2025\/03\/menger-vs-keynes-1024x574.jpg\" alt=\"menger vs keynes\" itemprop=\"image\" data-no-lazy=\"1\" height=\"574\" width=\"1024\" title=\"menger vs keynes\" onerror=\"this.style.display='none'\"  \/>\n\t\t\t\t\t\t\tM\u00e4rz\n\t\t\t\t01\n\t\t\t\t\t\t\t\t\t<h3 itemprop=\"headline\">\n\t\t\t\t\t\t\t\t\t\t\t\t\t\tWarum die \u00f6sterreichische \u00d6konomielehre gegen\u00fcber Keynesianismus das Nachsehen hatte &#8211; und wie Bitcoin sie wiederbeleben kann\t\t\t\t\t\t\t\t\t\t\t<\/h3>\n\t\t\t\t\t\t\t\t\t\t\t\t\t\t\t\t\t\t\t\t\t\t\t\t\t\t\t\t\t\t\t\t<a href=\"https:\/\/bitcoinandtheaustrians.com\/en\/blog\/tag\/bitcoin-en\/\">Bitcoin<\/a>  | \t\t\t\t\t\t\t\t\t\t\t\t\t\t\t\t\t\t\t\t\t\t\t\t\t\t\t\t\t\t\t\t\t<a href=\"https:\/\/bitcoinandtheaustrians.com\/en\/blog\/tag\/free-markets\/\">freie M\u00e4rkte<\/a>  | \t\t\t\t\t\t\t\t\t\t\t\t\t\t\t\t\t\t\t\t\t\t\t\t\t\t\t\t\t\t\t\t\t<a href=\"https:\/\/bitcoinandtheaustrians.com\/en\/blog\/tag\/inflation-en\/\">Inflation<\/a>  | \t\t\t\t\t\t\t\t\t\t\t\t\t\t\t\t\t\t\t\t\t\t\t\t\t\t\t\t\t\t\t\t\t<a href=\"https:\/\/bitcoinandtheaustrians.com\/en\/blog\/tag\/keynesianism\/\">Keynesianismus<\/a>  | \t\t\t\t\t\t\t\t\t\t\t\t\t\t\t\t\t\t\t\t\t\t\t\t\t\t\t\t\t\t\t\t\t<a href=\"https:\/\/bitcoinandtheaustrians.com\/en\/blog\/category\/austria-vs-keynes\/\">\u00d6sterreich vs. Keynes<\/a>  | \t\t\t\t\t\t\t\t\t\t\t\t\t\t\t\t\t\t\t\t\t\t\t\t\t\t\t\t\t\t\t\t\t<a href=\"https:\/\/bitcoinandtheaustrians.com\/en\/blog\/tag\/austrian-economics\/\">\u00f6sterreichische \u00d6konomielehre<\/a>  | \t\t\t\t\t\t\t\t\t\t\t\t\t\t\t\t\t\t\t\t\t\t\t\t\t\t\t\t\t\t\t\t\t<a href=\"https:\/\/bitcoinandtheaustrians.com\/en\/blog\/tag\/debt-crisis\/\">Schuldenkrise<\/a>  | \t\t\t\t\t\t\t\t\t\t\t\t\t\t\t\t\t\t\t\t\t\t\t\t\t\t\t\t\t\t\t\t\t<a href=\"https:\/\/bitcoinandtheaustrians.com\/en\/blog\/tag\/sound-money-en\/\">Sound Money<\/a>\n    <p>Stell dir vor: Politiker drucken Geld, entschulden sich durch Inflation und kleben Pflaster auf ihre eigenen Fehler &#8211; Keynesianismus pur! Doch warum wurde die solide \u00f6sterreichische \u00d6konomielehre von Carl Menger und Ludwig von Mises \u00fcberhaupt beiseitegeschoben? In diesem Artikel erf\u00e4hrst du, warum Bequemlichkeit \u00fcber Disziplin siegte, wie aktuelle Krisen die \u00f6sterreichischen Warnungen best\u00e4tigen und wie Bitcoin als digitaler Retter die Ideen von damals neu beleben k\u00f6nnte.<\/p>\n\t\t<!-- .pp-content-posts -->\n\n","protected":false},"excerpt":{"rendered":"<p>\u201eGeld ist keine Erfindung des Staates, sondern ein Produkt des Marktes.&#8221; &#8211; Carl Menger, 1871 \u201eIch habe an einem System gearbeitet, das nicht von einer zentralen Autorit\u00e4t abh\u00e4ngt.&#8221; &#8211; Satoshi Nakamoto, 2009 Willkommen bei Bitcoin and the Austrians! Ist es nicht erstaunlich? \u00d6sterreich, die Heimat gro\u00dfer Denker wie Carl Menger und Ludwig von Mises, hat [&hellip;]<\/p>\n","protected":false},"author":1,"featured_media":566,"parent":0,"menu_order":0,"comment_status":"closed","ping_status":"closed","template":"","meta":{"_acf_changed":false,"_seopress_robots_primary_cat":"","_seopress_titles_title":"","_seopress_titles_desc":"","_seopress_robots_index":"","footnotes":""},"class_list":["post-596","page","type-page","status-publish","has-post-thumbnail","hentry"],"blocksy_meta":[],"acf":[],"_links":{"self":[{"href":"https:\/\/bitcoinandtheaustrians.com\/en\/wp-json\/wp\/v2\/pages\/596","targetHints":{"allow":["GET"]}}],"collection":[{"href":"https:\/\/bitcoinandtheaustrians.com\/en\/wp-json\/wp\/v2\/pages"}],"about":[{"href":"https:\/\/bitcoinandtheaustrians.com\/en\/wp-json\/wp\/v2\/types\/page"}],"author":[{"embeddable":true,"href":"https:\/\/bitcoinandtheaustrians.com\/en\/wp-json\/wp\/v2\/users\/1"}],"replies":[{"embeddable":true,"href":"https:\/\/bitcoinandtheaustrians.com\/en\/wp-json\/wp\/v2\/comments?post=596"}],"version-history":[{"count":0,"href":"https:\/\/bitcoinandtheaustrians.com\/en\/wp-json\/wp\/v2\/pages\/596\/revisions"}],"wp:featuredmedia":[{"embeddable":true,"href":"https:\/\/bitcoinandtheaustrians.com\/en\/wp-json\/wp\/v2\/media\/566"}],"wp:attachment":[{"href":"https:\/\/bitcoinandtheaustrians.com\/en\/wp-json\/wp\/v2\/media?parent=596"}],"curies":[{"name":"wp","href":"https:\/\/api.w.org\/{rel}","templated":true}]}}